{"id":600,"date":"2020-09-28T13:42:04","date_gmt":"2020-09-28T16:42:04","guid":{"rendered":"http:\/\/redeaplmineral.org.br\/?page_id=600"},"modified":"2020-09-28T13:42:05","modified_gmt":"2020-09-28T16:42:05","slug":"pormin","status":"publish","type":"page","link":"http:\/\/redeaplmineral.org.br\/?page_id=600","title":{"rendered":"Pormin"},"content":{"rendered":"\n<p>O<em>PORMIN<\/em>\u00a0&#8211; Portal de Apoio ao Pequeno Produtor Mineral &#8211; foi especialmente elaborado para levar at\u00e9 o produtor mineral em pequena escala informa\u00e7\u00f5es t\u00e9cnicas, gerenciais, econ\u00f4micas e de legisla\u00e7\u00e3o, que contribuam para a melhoria das suas pr\u00e1ticas produtivas, sociais e ambientais.<\/p>\n","protected":false},"excerpt":{"rendered":"<p>OPORMIN\u00a0&#8211; Portal de Apoio ao Pequeno Produtor Mineral &#8211; foi especialmente elaborado para levar at\u00e9 o produtor mineral em pequena escala informa\u00e7\u00f5es t\u00e9cnicas, gerenciais, econ\u00f4micas e de legisla\u00e7\u00e3o, que contribuam para a melhoria das suas pr\u00e1ticas produtivas, sociais e ambientais.<\/p>\n","protected":false},"author":2,"featured_media":0,"parent":0,"menu_order":0,"comment_status":"closed","ping_status":"closed","template":"","meta":{"footnotes":""},"class_list":["post-600","page","type-page","status-publish","hentry"],"_links":{"self":[{"href":"http:\/\/redeaplmineral.org.br\/index.php?rest_route=\/wp\/v2\/pages\/600","targetHints":{"allow":["GET"]}}],"collection":[{"href":"http:\/\/redeaplmineral.org.br\/index.php?rest_route=\/wp\/v2\/pages"}],"about":[{"href":"http:\/\/redeaplmineral.org.br\/index.php?rest_route=\/wp\/v2\/types\/page"}],"author":[{"embeddable":true,"href":"http:\/\/redeaplmineral.org.br\/index.php?rest_route=\/wp\/v2\/users\/2"}],"replies":[{"embeddable":true,"href":"http:\/\/redeaplmineral.org.br\/index.php?rest_route=%2Fwp%2Fv2%2Fcomments&post=600"}],"version-history":[{"count":1,"href":"http:\/\/redeaplmineral.org.br\/index.php?rest_route=\/wp\/v2\/pages\/600\/revisions"}],"predecessor-version":[{"id":601,"href":"http:\/\/redeaplmineral.org.br\/index.php?rest_route=\/wp\/v2\/pages\/600\/revisions\/601"}],"wp:attachment":[{"href":"http:\/\/redeaplmineral.org.br\/index.php?rest_route=%2Fwp%2Fv2%2Fmedia&parent=600"}],"curies":[{"name":"wp","href":"https:\/\/api.w.org\/{rel}","templated":true}]}}