{"id":569,"date":"2020-09-28T12:06:51","date_gmt":"2020-09-28T15:06:51","guid":{"rendered":"http:\/\/redeaplmineral.org.br\/?page_id=569"},"modified":"2020-09-28T12:11:27","modified_gmt":"2020-09-28T15:11:27","slug":"inovamin","status":"publish","type":"page","link":"http:\/\/redeaplmineral.org.br\/?page_id=569","title":{"rendered":"Inovamin"},"content":{"rendered":"\n<figure class=\"wp-block-table\"><table><tbody><tr><td>O&nbsp;<em>INOVAMIN<\/em>&nbsp;tem o objetivo de difundir a cultura da inova\u00e7\u00e3o nas empresas e ICTs do setor mineral, divulgando programas de apoio \u00e0 inova\u00e7\u00e3o nas empresas do setor e projetos cooperativos de P,D&amp;I, apresentando casos de sucesso.<\/td><\/tr><\/tbody><\/table><\/figure>\n\n\n\n<p><\/p>\n","protected":false},"excerpt":{"rendered":"<p>O&nbsp;INOVAMIN&nbsp;tem o objetivo de difundir a cultura da inova\u00e7\u00e3o nas empresas e ICTs do setor mineral, divulgando programas de apoio \u00e0 inova\u00e7\u00e3o nas empresas do setor e projetos cooperativos de P,D&amp;I, apresentando casos de sucesso.<\/p>\n","protected":false},"author":2,"featured_media":0,"parent":0,"menu_order":0,"comment_status":"closed","ping_status":"closed","template":"","meta":{"footnotes":""},"class_list":["post-569","page","type-page","status-publish","hentry"],"_links":{"self":[{"href":"http:\/\/redeaplmineral.org.br\/index.php?rest_route=\/wp\/v2\/pages\/569","targetHints":{"allow":["GET"]}}],"collection":[{"href":"http:\/\/redeaplmineral.org.br\/index.php?rest_route=\/wp\/v2\/pages"}],"about":[{"href":"http:\/\/redeaplmineral.org.br\/index.php?rest_route=\/wp\/v2\/types\/page"}],"author":[{"embeddable":true,"href":"http:\/\/redeaplmineral.org.br\/index.php?rest_route=\/wp\/v2\/users\/2"}],"replies":[{"embeddable":true,"href":"http:\/\/redeaplmineral.org.br\/index.php?rest_route=%2Fwp%2Fv2%2Fcomments&post=569"}],"version-history":[{"count":2,"href":"http:\/\/redeaplmineral.org.br\/index.php?rest_route=\/wp\/v2\/pages\/569\/revisions"}],"predecessor-version":[{"id":571,"href":"http:\/\/redeaplmineral.org.br\/index.php?rest_route=\/wp\/v2\/pages\/569\/revisions\/571"}],"wp:attachment":[{"href":"http:\/\/redeaplmineral.org.br\/index.php?rest_route=%2Fwp%2Fv2%2Fmedia&parent=569"}],"curies":[{"name":"wp","href":"https:\/\/api.w.org\/{rel}","templated":true}]}}