{"id":566,"date":"2020-09-28T12:03:41","date_gmt":"2020-09-28T15:03:41","guid":{"rendered":"http:\/\/redeaplmineral.org.br\/?page_id=566"},"modified":"2020-09-28T12:13:54","modified_gmt":"2020-09-28T15:13:54","slug":"palestrantes-mini-curriculos","status":"publish","type":"page","link":"http:\/\/redeaplmineral.org.br\/?page_id=566","title":{"rendered":"Palestrantes &#8211; Mini Curr\u00edculos"},"content":{"rendered":"\n<p><strong>Nome: Alvaro Toubes Prata<\/strong><br>Cargo: Secret\u00e1rio de Desenvolvimento Tecnol\u00f3gico e Inova\u00e7\u00e3o<br>Institui\u00e7\u00e3o: Minist\u00e9rio de Ci\u00eancia, Tecnologia, Inova\u00e7\u00f5es e Comunica\u00e7\u00f5es<br>Mini curr\u00edculo: \u00c9 Secret\u00e1rio de Desenvolvimento Tecnol\u00f3gico e Inova\u00e7\u00e3o do Minist\u00e9rio de Ci\u00eancia, Tecnologia, Inova\u00e7\u00f5es e Comunica\u00e7\u00f5es e professor titular do Departamento de Engenharia Mec\u00e2nica da Universidade Federal de Santa Catarina, UFSC. Possui gradua\u00e7\u00e3o em Engenharia Mec\u00e2nica e em Engenharia El\u00e9trica pela Universidade de Bras\u00edlia, mestrado em Engenharia Mec\u00e2nica pela Universidade Federal de Santa Catarina e doutorado em Engenharia Mec\u00e2nica pela Universidade de Minnesota, EUA. H\u00e1 38 anos na UFSC, atua na gradua\u00e7\u00e3o e p\u00f3s-gradua\u00e7\u00e3o, coordenando projetos de ensino, pesquisa e extens\u00e3o. \u00c9 membro titular da Academia Brasileira de Ci\u00eancias. Suas \u00e1reas de pesquisa s\u00e3o transfer\u00eancia de calor e mec\u00e2nica dos fluidos.<br>Acesse o&nbsp;<a href=\"http:\/\/buscatextual.cnpq.br\/buscatextual\/visualizacv.do?id=K4781599Z8\" target=\"_blank\" rel=\"noreferrer noopener\">Curr\u00edculo Lattes aqui<\/a><\/p>\n\n\n\n<p><strong>Nome do palestrante: Fernando Jose Gomes Landgraf<\/strong><br>Instituto: Instituto de Pesquisas Tecnol\u00f3gicas \u2013 IPT<br>Cargo: Diretor-Presidente<br>Mini CV: Possui gradua\u00e7\u00e3o em Engenharia Metal\u00fargica pelo Centro Universit\u00e1rio da FEI (1976), mestrado (1987), doutorado (1992) e Livre Doc\u00eancia (2007) em Engenharia Metal\u00fargica pela Escola Polit\u00e9cnica da Universidade de S\u00e3o Paulo. Atua na \u00e1rea de Engenharia de Materiais e Metal\u00fargica, com \u00eanfase na rela\u00e7\u00e3o entre a microestrutura e o comportamento magn\u00e9tico dos materiais de engenharia, incluindo seu processamento por conforma\u00e7\u00e3o mec\u00e2nica e metalurgia do p\u00f3. Trabalhou por 29 anos como pesquisador, no Instituto de Pesquisas Tecnol\u00f3gicas de S\u00e3o Paulo, at\u00e9 2005. Atualmente \u00e9 o Diretor Presidente desse instituto. \u00c9 professor associado do Departamento de Eng Metal\u00fargica e de Materiais da Escola Polit\u00e9cnica da USP, dando aulas na gradua\u00e7\u00e3o e p\u00f3s-gradua\u00e7\u00e3o e orientando alunos.<br>Acesse o&nbsp;<a href=\"http:\/\/buscatextual.cnpq.br\/buscatextual\/visualizacv.do?id=K4783141A2\" target=\"_blank\" rel=\"noreferrer noopener\">Curr\u00edculo Lattes aqui<\/a><\/p>\n\n\n\n<p><strong>Nome do palestrante: Fernando Ant\u00f4nio Freitas Lins<\/strong><br>Instituto: Centro de Tecnologia Mineral \u2013 CETEM<br>Cargo: Diretor<br>Mini CV: Engenheiro Metal\u00fargico e Industrial, formado pela PUC-Rio em 1975, com mestrado (1987) e doutorado (1995) no PEMM da Coppe\/UFRJ. Trabalhou na CPRM e na Samarco. Minera\u00e7\u00e3o. Atua desde 1982 no CETEM como pesquisador na \u00e1rea de Tratamento de Min\u00e9rios, tendo sido Diretor em 1998-2002. Foi Diretor de Tecnologia da SGM\/MME em 2006 -2012, sendo respons\u00e1vel pela coordena\u00e7\u00e3o executiva do \u201cPlano Nacional de Minera\u00e7\u00e3o 2030\u201d. Retornou ao CETEM em 2012 para um novo per\u00edodo na dire\u00e7\u00e3o do Centro.<br>Acesse o&nbsp;<a href=\"http:\/\/buscatextual.cnpq.br\/buscatextual\/visualizacv.do?id=K4788027D9\" target=\"_blank\" rel=\"noreferrer noopener\">Curr\u00edculo Lattes aqui<\/a><\/p>\n\n\n\n<p><strong>Nome do palestrante: Henrique Vasquez do Vale<\/strong><br>Instituto: Departamento de petr\u00f3leo, minera\u00e7\u00e3o e siderurgia da Financiadora de Estudos e Projetos \u2013 FINEP.<br>Cargo: Coordenador<br>Mini CV: Atua na coordena\u00e7\u00e3o dos programas da ag\u00eancia voltados para a ind\u00fastria de base: Inova Mineral, chamada conjunta FINEP \u2013 Research Council of Norway para o setor de \u00d3leo e G\u00e1s e ERA- MIN2 (programa conjunto em prepara\u00e7\u00e3o no \u00e2mbito da Uni\u00e3o Europ\u00e9ia, orientado para PD&amp;I em mat\u00e9rias-primas minerais e economia circular). Com o doutorado em curso na Universidade Federal Fluminense, tem aprofundado sua pesquisa nos desafios do financiamento da inova\u00e7\u00e3o, sobretudo em economias emergentes.<br>Acesse o&nbsp;<a href=\"http:\/\/buscatextual.cnpq.br\/buscatextual\/visualizacv.do?id=K4442768J6\" target=\"_blank\" rel=\"noreferrer noopener\">Curr\u00edculo Lattes aqui<\/a><\/p>\n\n\n\n<p><strong>Nome do palestrante: Paschoal Bonadia<\/strong><br>Empresa: Magnesita Refrat\u00e1rios S\/A<br>Cargo: Gerente de Tecnologia Mineral<br>Mini CV: \u00c9 formado em Engenharia de Materiais com Mestrado e Doutorado em Refrat\u00e1rios pela Universidade Federal de S\u00e3o Carlos e p\u00f3s-graduado em Gest\u00e3o de Projetos pela Funda\u00e7\u00e3o Dom Cabral. Trabalhou na Alcoa por 7 anos nas \u00e1reas de engenharia de processos e desenvolvimento de produtos. Est\u00e1 na Magnesita h\u00e1 9 anos, onde atuou como pesquisador na \u00e1rea de mat\u00e9rias-primas e atualmente \u00e9 Gerente de Tecnologia Mineral no Centro de Pesquisa e Desenvolvimento. Desde 2011 \u00e9 diretor t\u00e9cnico da Associa\u00e7\u00e3o Latino-Americana de Fabricantes de Refrat\u00e1rios (ALAFAR).<br>Acesse o&nbsp;<a href=\"http:\/\/buscatextual.cnpq.br\/buscatextual\/visualizacv.do?id=K4760549J5\" target=\"_blank\" rel=\"noreferrer noopener\">Curr\u00edculo Lattes aqui<\/a><\/p>\n\n\n\n<p><strong>Nome do palestrante: Pedro Paulo Dias Mesquita<\/strong><br>Instituto: Departamento de Minera\u00e7\u00e3o e Metais no BNDES<br>Cargo: Economista<br>Mini CV: Graduado em Ci\u00eancias Econ\u00f4micas pela Universidade Federal do Rio de Janeiro, cursou p\u00f3s-gradua\u00e7\u00e3o em Gest\u00e3o Financeira, Controladoria e Auditoria pela Funda\u00e7\u00e3o Get\u00falio Vargas, e mestrado em Pol\u00edticas P\u00fablicas, Estrat\u00e9gia e Desenvolvimento no Instituto de Economia da UFRJ. Especialista em inova\u00e7\u00e3o e economia industrial possui experi\u00eancia na elabora\u00e7\u00e3o e operacionaliza\u00e7\u00e3o de pol\u00edticas de apoio e financiamento \u00e0 inova\u00e7\u00e3o e desenvolvimento industrial. Atuou como analista de projetos de inova\u00e7\u00e3o e especialista em pol\u00edticas de inova\u00e7\u00e3o na Finep e atualmente se dedica \u00e0 elabora\u00e7\u00e3o e condu\u00e7\u00e3o de pol\u00edticas para apoio \u00e0 inova\u00e7\u00e3o, sustentabilidade e desenvolvimento do setor de minera\u00e7\u00e3o e metais, no BNDES.<br>Acesse o&nbsp;<a href=\"http:\/\/buscatextual.cnpq.br\/buscatextual\/visualizacv.do?id=K8526322D1\" target=\"_blank\" rel=\"noreferrer noopener\">Curr\u00edculo Lattes aqui<\/a><\/p>\n\n\n\n<p><strong>Nome do palestrante: Ros\u00e2ngela Medeiros<\/strong><br>Cargo: Engenharia de Minas<br>Empresa: Senai Nacional<br>Mini CV: Especialista em Desenvolvimento Industrial da UNITEC \u2013 Senai Nacional, graduada em Engenharia de Minas com Mestrado em Engenharia de Produ\u00e7\u00e3o pela UFPE e p\u00f3s-gradua\u00e7\u00e3o em Gerenciamento e Execu\u00e7\u00e3o de Projetos de Inova\u00e7\u00e3o Tecnol\u00f3gica pela USP-S\u00e3o Paulo. Atua\u00e7\u00e3o na \u00e1rea de Inova\u00e7\u00e3o e Tecnologia com apoio na implanta\u00e7\u00e3o dos Institutos SENAI de Inova\u00e7\u00e3o.<\/p>\n\n\n\n<p><strong>Nome do palestrante: Jakeline Daniela Soares da Silva Nascimento<\/strong><br>Cargo:&nbsp;Assessoria t\u00e9cnica<br>Empresa:&nbsp;Bentonisa<br>Mini CV:&nbsp;Graduada em Qu\u00edmica pela Universidade Estadual da Para\u00edba(2008), Mestrado em Engenharia Qu\u00edmica com \u00canfase em Petr\u00f3leo pela Universidade Federal de Campina Grande-UFCG \/PRH-25(2010), Especialista em Gest\u00e3o e Engenharia de Petr\u00f3leo pelo Instituto Nacional de P\u00f3s Gradua\u00e7\u00e3o(INPG) e Instituo Brasileiro de Engenharia de Custo(IBEC) (2013), Especialista em Gest\u00e3o, Auditoria e Pericia Ambiental pelo INPG\/IBEC(2014), Doutorado em Engenharia Qu\u00edmica com \u00canfase em Petr\u00f3leo pela UFCG\/PRH-25 (2013). Atua como assessoria t\u00e9cnica para a BENTONISA nos Projetos de Pesquisa e Inova\u00e7\u00e3o . Coordenadora T\u00e9cnica de pesquisas e desenvolvimento pela PEGMATECH-Especialidades Tecnol\u00f3gicas Ltda.<\/p>\n\n\n\n<p><strong>Nome do palestrante: Joner Oliveira Alves<\/strong><br>Cargo: Diretor do Instituto SENAI de Inova\u00e7\u00e3o em Tecnologias Minerais<br>Empresa: FIEPA<br>Mini CV: Doutor em Engenharia Metal\u00fargica e de Materiais pela USP, atualmente \u00e9 Diretor do Instituto SENAI de Inova\u00e7\u00e3o em Tecnologias Minerais, Gestor do N\u00facleo Estadual de Inova\u00e7\u00e3o da FIEPA e Professor Colaborador do Mestrado em Ci\u00eancias Ambientais da UEPA. Possui experi\u00eancia em gest\u00e3o da inova\u00e7\u00e3o, doc\u00eancia e no gerenciamento de projetos de P&amp;D, sendo o setor minero-metal\u00fargico a sua principal \u00e1rea de atua\u00e7\u00e3o. Experi\u00eancia internacional no desenvolvimento de solu\u00e7\u00f5es em tratamento de res\u00edduos. Autor de projetos agraciados com importantes premia\u00e7\u00f5es, destaque para o Pr\u00eamio Mercosul de Ci\u00eancia e Tecnologia (UNESCO) e Pr\u00eamio Vale-Capes de Ci\u00eancia e Sustentabilidade (VALE\/CAPES).<\/p>\n\n\n\n<p><strong>Nome do palestrante:Marco Ant\u00f4nio Castello Branco<\/strong><br>Instituto: Conselho de Administra\u00e7\u00e3o da Cemig e da Copasa<br>Cargo: Presidente<br>Mini CV: \u00c9 o presidente da Companhia de Desenvolvimento Econ\u00f4mico de Minas Gerais (Codemig). Engenheiro Metalurgista pela Universidade Federal de Minas Gerais (UFMG) e Doutor em Engenharia Metal\u00fargica pela Technische Univertit\u00e4t Clausthal (Alemanha), foi presidente da Usinas Sider\u00fargicas de Minas Gerais S.A., da Vallourec &amp; Mannesmann (V&amp;M) do Brasil, da V&amp;M France S.A.S. (Boulogne-Billancourt, Fran\u00e7a) e da V&amp;M Deutschland (D\u00fcsseldorf, Alemanha). Presidiu o Conselho de Administra\u00e7\u00e3o da V&amp;M do BRASIL S.A. (Belo Horizonte) e atuou como membro de outros \u00f3rg\u00e3os, como Conselho Consultivo da Hydac Tecnologia do Brasil, Conselho de Administra\u00e7\u00e3o da Diferencial Energia Participa\u00e7\u00f5es S.A., Conselho de Administra\u00e7\u00e3o da Ternium S.A., Conselho de Administra\u00e7\u00e3o da V&amp;M Corporation (Houston, EUA), Conselho de Administra\u00e7\u00e3o da H\u00fcttenwerk Kupp Mannesmann (D\u00fcisburg, Alemanha), Comit\u00ea Executivo e Diretoria Estatut\u00e1ria da Vallourec S.A. Membro do Conselho de Administra\u00e7\u00e3o da Helibras. Foi homenageado com a Grande Medalha da Inconfid\u00eancia e a Medalha Santos Dumont, ambas entregues pelo Governo de Minas Gerais, al\u00e9m de ter recebido outras condecora\u00e7\u00f5es, como Ordem do M\u00e9rito Legislativo (C\u00e2mara Municipal de Belo Horizonte), Medalha Christiano Ottoni (Escola de Engenharia da UFMG) e distin\u00e7\u00e3o Industrial do Ano (Federa\u00e7\u00e3o das Ind\u00fastrias de Minas Gerais). Atualmente, integra tamb\u00e9m o Conselho de Administra\u00e7\u00e3o da Cemig e da Copasa.<\/p>\n\n\n\n<p><strong>Nome do palestrante: Geraldo Barbosa<\/strong><br>Cargo: Engenheiro<br>Empresa: Vale S.A.<br>Mini CV: Engenheiro de Alimentos, formado na Universidade Federal de Vi\u00e7osa em 2004. Mestrado em Engenharia de Alimentos (\u00e1rea de Engenharia Bioqu\u00edmica) pela Unicamp em 2007, com experi\u00eancia na \u00e1rea e empresas de Biotecnologia. Trabalha na Vale desde 2011, na Diretoria de Tecnologia e Inova\u00e7\u00e3o, com Incentivos Fiscais \u00e0 Inova\u00e7\u00e3o Tecnol\u00f3gica e Gest\u00e3o de Portf\u00f3lio de P&amp;D<\/p>\n","protected":false},"excerpt":{"rendered":"<p>Nome: Alvaro Toubes PrataCargo: Secret\u00e1rio de Desenvolvimento Tecnol\u00f3gico e Inova\u00e7\u00e3oInstitui\u00e7\u00e3o: Minist\u00e9rio de Ci\u00eancia, Tecnologia, Inova\u00e7\u00f5es e Comunica\u00e7\u00f5esMini curr\u00edculo: \u00c9 Secret\u00e1rio de Desenvolvimento Tecnol\u00f3gico e Inova\u00e7\u00e3o do Minist\u00e9rio de Ci\u00eancia, Tecnologia, Inova\u00e7\u00f5es e Comunica\u00e7\u00f5es e professor titular do Departamento de Engenharia Mec\u00e2nica da Universidade Federal de Santa Catarina, UFSC. Possui gradua\u00e7\u00e3o em Engenharia Mec\u00e2nica e em [&hellip;]<\/p>\n","protected":false},"author":2,"featured_media":0,"parent":0,"menu_order":0,"comment_status":"closed","ping_status":"closed","template":"","meta":{"footnotes":""},"class_list":["post-566","page","type-page","status-publish","hentry"],"_links":{"self":[{"href":"http:\/\/redeaplmineral.org.br\/index.php?rest_route=\/wp\/v2\/pages\/566","targetHints":{"allow":["GET"]}}],"collection":[{"href":"http:\/\/redeaplmineral.org.br\/index.php?rest_route=\/wp\/v2\/pages"}],"about":[{"href":"http:\/\/redeaplmineral.org.br\/index.php?rest_route=\/wp\/v2\/types\/page"}],"author":[{"embeddable":true,"href":"http:\/\/redeaplmineral.org.br\/index.php?rest_route=\/wp\/v2\/users\/2"}],"replies":[{"embeddable":true,"href":"http:\/\/redeaplmineral.org.br\/index.php?rest_route=%2Fwp%2Fv2%2Fcomments&post=566"}],"version-history":[{"count":2,"href":"http:\/\/redeaplmineral.org.br\/index.php?rest_route=\/wp\/v2\/pages\/566\/revisions"}],"predecessor-version":[{"id":573,"href":"http:\/\/redeaplmineral.org.br\/index.php?rest_route=\/wp\/v2\/pages\/566\/revisions\/573"}],"wp:attachment":[{"href":"http:\/\/redeaplmineral.org.br\/index.php?rest_route=%2Fwp%2Fv2%2Fmedia&parent=566"}],"curies":[{"name":"wp","href":"https:\/\/api.w.org\/{rel}","templated":true}]}}