{"id":527,"date":"2020-09-25T15:23:38","date_gmt":"2020-09-25T18:23:38","guid":{"rendered":"http:\/\/redeaplmineral.org.br\/?page_id=527"},"modified":"2020-09-25T15:23:39","modified_gmt":"2020-09-25T18:23:39","slug":"faca-parte-da-rede","status":"publish","type":"page","link":"http:\/\/redeaplmineral.org.br\/?page_id=527","title":{"rendered":"Fa\u00e7a parte da Rede"},"content":{"rendered":"\n<h2 class=\"wp-block-heading\"><a href=\"http:\/\/www.redeaplmineral.org.br\/como-fazer-parte-da-redeaplmineral\">Como fazer parte da RedeAPLmineral?<\/a><\/h2>\n\n\n\n<p>A Rede<em>APL<\/em>mineral \u00e9 uma rede social sem fins lucrativos constitu\u00edda por pessoas f\u00edsicas, institui\u00e7\u00f5es p\u00fablicas e privadas comprometidas com o desenvolvimento dos Arranjos Produtivos Locais de Base Mineral, por meio da difus\u00e3o de informa\u00e7\u00f5es e boas pr\u00e1ticas para o setor mineral.<\/p>\n\n\n\n<p>\u00c9 poss\u00edvel participar da Rede<em>APL<\/em>mineral a partir de uma ou mais das seguintes modalidades:<\/p>\n\n\n\n<p>I. Mantenedor: garante o funcionamento da Rede, disponibilizando recursos financeiros para infraestrutura, sistematiza\u00e7\u00e3o, disponibiliza\u00e7\u00e3o e dissemina\u00e7\u00e3o de informa\u00e7\u00f5es sobre cadeias produtivas do setor mineral e desenvolvimento de APLs de base mineral, bem como a difus\u00e3o e populariza\u00e7\u00e3o de boas pr\u00e1ticas;<\/p>\n\n\n\n<p>II. Investidor: disponibiliza recursos financeiros e\/ou materiais para sistematiza\u00e7\u00e3o, disponibiliza\u00e7\u00e3o e dissemina\u00e7\u00e3o de informa\u00e7\u00f5es sobre cadeias produtivas do setor mineral e dos APLs de base mineral, bem como a difus\u00e3o e populariza\u00e7\u00e3o de boas pr\u00e1ticas;<\/p>\n\n\n\n<p>III. Articulador: mobiliza o conjunto de organiza\u00e7\u00f5es n\u00e3o governamentais, nacionais, regionais e locais que representa;<\/p>\n\n\n\n<p>IV. Divulgador: realiza e coordena a\u00e7\u00f5es de divulga\u00e7\u00e3o sobre a Rede<em>APL<\/em>mineral.<\/p>\n\n\n\n<p>Para fazer parte da Rede<em>APL<\/em>mineral, as institui\u00e7\u00f5es e as pessoas f\u00edsicas interessadas dever\u00e3o atender \u00e0s seguintes condi\u00e7\u00f5es:<\/p>\n\n\n\n<p>1. Estar de acordo com o Regimento Interno e Documento B\u00e1sico da Rede<em>APL<\/em>mineral;<\/p>\n\n\n\n<p>2. Preencher o Manifesto de Interesse para institui\u00e7\u00f5es ou pessoa f\u00edsica e envi\u00e1-lo pelo e-mail&nbsp;<a href=\"http:\/\/www.redeaplmineral.org.br\/redeaplmineral@ibict.br\">redeaplmineral@ibict.br<\/a>&nbsp;ou impresso pelo Correio (SAS Quadra 5, Lote 6, Bloco H, 2\u00b0 andar, sala 206, CEP 70070-914 &#8211; Bras\u00edlia\/DF);<\/p>\n\n\n\n<p>3. Preencher e assinar o Termo de Ades\u00e3o (F\u00edsica, Institui\u00e7\u00e3o) que lhe ser\u00e1 enviado ap\u00f3s aprova\u00e7\u00e3o do Manisfesto de Interresse pela Coordena\u00e7\u00e3o Geral da Rede<em>APL<\/em>mineral;<\/p>\n\n\n\n<p>4. Indicar, formalmente, seu representante e respectivo suplente, no caso de Institui\u00e7\u00f5es;<\/p>\n\n\n\n<p>5. Comprometer-se com a divulga\u00e7\u00e3o da Rede<em>APL<\/em>mineral, de seu conte\u00fado, a\u00e7\u00f5es e eventos;<\/p>\n\n\n\n<p>Para receber os documentos envie um e-mail solicitando para&nbsp;<a href=\"http:\/\/www.redeaplmineral.org.br\/redeaplmineral@ibict.br\">redeaplmineral@ibict.br<\/a><\/p>\n","protected":false},"excerpt":{"rendered":"<p>Como fazer parte da RedeAPLmineral? A RedeAPLmineral \u00e9 uma rede social sem fins lucrativos constitu\u00edda por pessoas f\u00edsicas, institui\u00e7\u00f5es p\u00fablicas e privadas comprometidas com o desenvolvimento dos Arranjos Produtivos Locais de Base Mineral, por meio da difus\u00e3o de informa\u00e7\u00f5es e boas pr\u00e1ticas para o setor mineral. \u00c9 poss\u00edvel participar da RedeAPLmineral a partir de uma [&hellip;]<\/p>\n","protected":false},"author":2,"featured_media":0,"parent":0,"menu_order":0,"comment_status":"closed","ping_status":"closed","template":"","meta":{"footnotes":""},"class_list":["post-527","page","type-page","status-publish","hentry"],"_links":{"self":[{"href":"http:\/\/redeaplmineral.org.br\/index.php?rest_route=\/wp\/v2\/pages\/527","targetHints":{"allow":["GET"]}}],"collection":[{"href":"http:\/\/redeaplmineral.org.br\/index.php?rest_route=\/wp\/v2\/pages"}],"about":[{"href":"http:\/\/redeaplmineral.org.br\/index.php?rest_route=\/wp\/v2\/types\/page"}],"author":[{"embeddable":true,"href":"http:\/\/redeaplmineral.org.br\/index.php?rest_route=\/wp\/v2\/users\/2"}],"replies":[{"embeddable":true,"href":"http:\/\/redeaplmineral.org.br\/index.php?rest_route=%2Fwp%2Fv2%2Fcomments&post=527"}],"version-history":[{"count":1,"href":"http:\/\/redeaplmineral.org.br\/index.php?rest_route=\/wp\/v2\/pages\/527\/revisions"}],"predecessor-version":[{"id":528,"href":"http:\/\/redeaplmineral.org.br\/index.php?rest_route=\/wp\/v2\/pages\/527\/revisions\/528"}],"wp:attachment":[{"href":"http:\/\/redeaplmineral.org.br\/index.php?rest_route=%2Fwp%2Fv2%2Fmedia&parent=527"}],"curies":[{"name":"wp","href":"https:\/\/api.w.org\/{rel}","templated":true}]}}