{"id":525,"date":"2020-09-25T15:23:04","date_gmt":"2020-09-25T18:23:04","guid":{"rendered":"http:\/\/redeaplmineral.org.br\/?page_id=525"},"modified":"2021-08-03T16:53:47","modified_gmt":"2021-08-03T19:53:47","slug":"quem-e-quem","status":"publish","type":"page","link":"http:\/\/redeaplmineral.org.br\/?page_id=525","title":{"rendered":"Quem \u00e9 Quem"},"content":{"rendered":"\n<p><strong>Comit\u00ea Tem\u00e1tico RedeAPLmineral<\/strong><\/p>\n\n\n\n<p><strong>Instituto Brasileiro de Informa\u00e7\u00e3o em Ci\u00eancia e Tecnologia \u2013 IBICT<\/strong><br>Diretoria: Cec\u00edlia Leite Oliveira<br>Coordena\u00e7\u00e3o Geral de Pesquisa e Desenvolvimento de Novos Produtos: Anderson Itaborahy<br><br>Secretaria Executiva do CT RedeAPLmineral<br>Coordena\u00e7\u00e3o de Tecnologias Aplicadas a Novos Produtos: Marcel Garcia de Souza<br>Pesquisador: Roosevelt Tom\u00e9 Silva Filho<br>Bolsistas: Luana Moreira e <br>                  Milene Costa<\/p>\n\n\n\n<p><strong>Minist\u00e9rio da Ci\u00eancia, Tecnologia e Inova\u00e7\u00f5es \u2013 MCTI<\/strong><br>Secretaria de Empreendedorismo e Inova\u00e7\u00e3o SEMPI- Coordena\u00e7\u00e3o do CT RedeAPLmineral <br>Analista em C&amp;T: Elzivir Guerra<br>Analista em C&amp;T: Cristina Silva<br>Analista em C&amp;T: T\u00e1ssia Arraes<br>Assistente em C&amp;T: Eliane Ferreira da Silva<\/p>\n\n\n\n<p><br><strong>Centro de Tecnologia Mineral &#8211; CETEM<\/strong><br>Francisco Hollanda Vidal<\/p>\n\n\n\n<p><strong>Estrutura organizacional: Coordena\u00e7\u00e3o Geral do CT RedeAPLmineral<\/strong><br>Centro de Tecnologia Mineral &#8211; CETEM<br>Instituto Brasileiro de Informa\u00e7\u00e3o em Ci\u00eancia e Tecnologia \u2013 IBICT<br>Minist\u00e9rio da Ci\u00eancia, Tecnologia e Inova\u00e7\u00f5es \u2013 MCTI<br>Minist\u00e9rio da Economia &#8211; ME<br>Minist\u00e9rio do Desenvolvimento Regional &#8211; MDR<br>Banco do Nordeste do Brasil \u2013 BNB <br>CPRM &#8211; MME<br>NAP-Minera\u00e7\u00e3o &#8211; USP<\/p>\n\n\n\n<p>Em caso de d\u00favidas entre em contato atrav\u00e9s do Fale Conosco.<\/p>\n","protected":false},"excerpt":{"rendered":"<p>Comit\u00ea Tem\u00e1tico RedeAPLmineral Instituto Brasileiro de Informa\u00e7\u00e3o em Ci\u00eancia e Tecnologia \u2013 IBICTDiretoria: Cec\u00edlia Leite OliveiraCoordena\u00e7\u00e3o Geral de Pesquisa e Desenvolvimento de Novos Produtos: Anderson Itaborahy Secretaria Executiva do CT RedeAPLmineralCoordena\u00e7\u00e3o de Tecnologias Aplicadas a Novos Produtos: Marcel Garcia de SouzaPesquisador: Roosevelt Tom\u00e9 Silva FilhoBolsistas: Luana Moreira e Milene Costa Minist\u00e9rio da Ci\u00eancia, Tecnologia e [&hellip;]<\/p>\n","protected":false},"author":2,"featured_media":0,"parent":0,"menu_order":0,"comment_status":"closed","ping_status":"closed","template":"","meta":{"footnotes":""},"class_list":["post-525","page","type-page","status-publish","hentry"],"_links":{"self":[{"href":"http:\/\/redeaplmineral.org.br\/index.php?rest_route=\/wp\/v2\/pages\/525","targetHints":{"allow":["GET"]}}],"collection":[{"href":"http:\/\/redeaplmineral.org.br\/index.php?rest_route=\/wp\/v2\/pages"}],"about":[{"href":"http:\/\/redeaplmineral.org.br\/index.php?rest_route=\/wp\/v2\/types\/page"}],"author":[{"embeddable":true,"href":"http:\/\/redeaplmineral.org.br\/index.php?rest_route=\/wp\/v2\/users\/2"}],"replies":[{"embeddable":true,"href":"http:\/\/redeaplmineral.org.br\/index.php?rest_route=%2Fwp%2Fv2%2Fcomments&post=525"}],"version-history":[{"count":7,"href":"http:\/\/redeaplmineral.org.br\/index.php?rest_route=\/wp\/v2\/pages\/525\/revisions"}],"predecessor-version":[{"id":3800,"href":"http:\/\/redeaplmineral.org.br\/index.php?rest_route=\/wp\/v2\/pages\/525\/revisions\/3800"}],"wp:attachment":[{"href":"http:\/\/redeaplmineral.org.br\/index.php?rest_route=%2Fwp%2Fv2%2Fmedia&parent=525"}],"curies":[{"name":"wp","href":"https:\/\/api.w.org\/{rel}","templated":true}]}}