{"id":521,"date":"2020-09-25T15:18:20","date_gmt":"2020-09-25T18:18:20","guid":{"rendered":"http:\/\/redeaplmineral.org.br\/?page_id=521"},"modified":"2023-12-14T13:08:33","modified_gmt":"2023-12-14T16:08:33","slug":"a-rede","status":"publish","type":"page","link":"http:\/\/redeaplmineral.org.br\/?page_id=521","title":{"rendered":"A Rede"},"content":{"rendered":"\n<h2 class=\"wp-block-heading\"><\/h2>\n\n\n\n<p>A Rede Brasileira de Informa\u00e7\u00e3o de Arranjos Produtivos Locais de Base Mineral (RedeAPLmineral) \u00e9 respons\u00e1vel pela divulga\u00e7\u00e3o e dissemina\u00e7\u00e3o de informa\u00e7\u00f5es e das melhores pr\u00e1ticas na cadeia produtiva do setor mineral, compreendendo os processos de extra\u00e7\u00e3o, beneficiamento, e transforma\u00e7\u00e3o mineral organizado em APLs de base mineral.<\/p>\n\n\n\n<p>A RedeAPLmineral \u00e9 resultado do esfor\u00e7o de diversas pessoas jur\u00eddicas e f\u00edsicas. Fazem parte da Rede entes das tr\u00eas esferas de governo (municipal, estadual e federal), a comunidade cient\u00edfica e tecnol\u00f3gica (universidades, faculdades, centros federais de educa\u00e7\u00e3o tecnol\u00f3gica, Institui\u00e7\u00f5es de pesquisa), o setor produtivo (empresas, cooperativas, sindicatos, associa\u00e7\u00f5es) e institui\u00e7\u00f5es de financiamento e fomento (bancos privados e p\u00fablicos, ag\u00eancias de Fomento).<\/p>\n\n\n\n<p>Participam da RedeAPLmineral, como colaboradores, um corpo t\u00e9cnico de n\u00edvel superior (engenheiros, economistas, jornalistas, assistentes sociais), consultores, pesquisadores, extensionistas, micro, pequenos e m\u00e9dios produtores e empres\u00e1rios do setor mineral, garimpeiros e trabalhadores aut\u00f4nomos, artes\u00e3os, ourives, estudantes, entre outros.<\/p>\n\n\n\n<hr class=\"wp-block-separator is-style-default\"\/>\n\n\n\n<p class=\"has-text-align-center has-medium-font-size\"><strong><a href=\"http:\/\/redeaplmineral.org.br\/wp-content\/uploads\/2023\/12\/Anexo_3___Relatorio_Final_Projeto_CTRedeAPLmineral__Versao_Final_-1-2.pdf\" target=\"_blank\" rel=\"noreferrer noopener\">Acesse aqui o Relat\u00f3rio Final do Projeto Atualiza\u00e7\u00e3o e implanta\u00e7\u00e3o do modelo conceitual de atua\u00e7\u00e3o do Comit\u00ea Tem\u00e1tico Rede Brasileira de Arranjos Produtivos Locais de Base Mineral \u2013 CT RedeAPLmineral.<\/a><\/strong><\/p>\n","protected":false},"excerpt":{"rendered":"<p>A Rede Brasileira de Informa\u00e7\u00e3o de Arranjos Produtivos Locais de Base Mineral (RedeAPLmineral) \u00e9 respons\u00e1vel pela divulga\u00e7\u00e3o e dissemina\u00e7\u00e3o de informa\u00e7\u00f5es e das melhores pr\u00e1ticas na cadeia produtiva do setor mineral, compreendendo os processos de extra\u00e7\u00e3o, beneficiamento, e transforma\u00e7\u00e3o mineral organizado em APLs de base mineral. A RedeAPLmineral \u00e9 resultado do esfor\u00e7o de diversas pessoas [&hellip;]<\/p>\n","protected":false},"author":2,"featured_media":0,"parent":0,"menu_order":0,"comment_status":"closed","ping_status":"closed","template":"","meta":{"footnotes":""},"class_list":["post-521","page","type-page","status-publish","hentry"],"_links":{"self":[{"href":"http:\/\/redeaplmineral.org.br\/index.php?rest_route=\/wp\/v2\/pages\/521","targetHints":{"allow":["GET"]}}],"collection":[{"href":"http:\/\/redeaplmineral.org.br\/index.php?rest_route=\/wp\/v2\/pages"}],"about":[{"href":"http:\/\/redeaplmineral.org.br\/index.php?rest_route=\/wp\/v2\/types\/page"}],"author":[{"embeddable":true,"href":"http:\/\/redeaplmineral.org.br\/index.php?rest_route=\/wp\/v2\/users\/2"}],"replies":[{"embeddable":true,"href":"http:\/\/redeaplmineral.org.br\/index.php?rest_route=%2Fwp%2Fv2%2Fcomments&post=521"}],"version-history":[{"count":3,"href":"http:\/\/redeaplmineral.org.br\/index.php?rest_route=\/wp\/v2\/pages\/521\/revisions"}],"predecessor-version":[{"id":4323,"href":"http:\/\/redeaplmineral.org.br\/index.php?rest_route=\/wp\/v2\/pages\/521\/revisions\/4323"}],"wp:attachment":[{"href":"http:\/\/redeaplmineral.org.br\/index.php?rest_route=%2Fwp%2Fv2%2Fmedia&parent=521"}],"curies":[{"name":"wp","href":"https:\/\/api.w.org\/{rel}","templated":true}]}}