{"id":516,"date":"2020-09-25T15:16:06","date_gmt":"2020-09-25T18:16:06","guid":{"rendered":"http:\/\/redeaplmineral.org.br\/?page_id=516"},"modified":"2020-09-25T15:17:12","modified_gmt":"2020-09-25T18:17:12","slug":"o-que-sao-apls-de-base-mineral","status":"publish","type":"page","link":"http:\/\/redeaplmineral.org.br\/?page_id=516","title":{"rendered":"O que s\u00e3o APLs"},"content":{"rendered":"\n<p>Arranjos produtivos locais s\u00e3o aglomera\u00e7\u00f5es territoriais de agentes econ\u00f4micos, pol\u00edticos e sociais &#8211; com foco em um conjunto espec\u00edfico de atividades econ\u00f4micas &#8211; que apresentam v\u00ednculos mesmo que incipientes. Geralmente envolvem a participa\u00e7\u00e3o e a intera\u00e7\u00e3o de empresas &#8211; que podem ser desde produtoras de bens e servi\u00e7os finais at\u00e9 fornecedoras de insumos e equipamentos, prestadoras de consultoria e servi\u00e7os, comercializadoras, clientes, entre outros &#8211; e suas variadas formas de representa\u00e7\u00e3o e associa\u00e7\u00e3o.<\/p>\n\n\n\n<p>Incluem tamb\u00e9m diversas outras organiza\u00e7\u00f5es p\u00fablicas e privadas voltadas para: forma\u00e7\u00e3o e capacita\u00e7\u00e3o de recursos humanos, como escolas t\u00e9cnicas e universidades; pesquisa, desenvolvimento e engenharia; pol\u00edtica, promo\u00e7\u00e3o e financiamento\u201d.<\/p>\n\n\n\n<p>Arranjos Produtivos Locais de Base Mineral, por sua vez, s\u00e3o conjuntos de empreendimentos e de indiv\u00edduos, localizados em um mesmo territ\u00f3rio, que atuam em torno de uma cadeia produtiva que tenha como base a atividade extrativa e de transforma\u00e7\u00e3o mineral.<\/p>\n","protected":false},"excerpt":{"rendered":"<p>Arranjos produtivos locais s\u00e3o aglomera\u00e7\u00f5es territoriais de agentes econ\u00f4micos, pol\u00edticos e sociais &#8211; com foco em um conjunto espec\u00edfico de atividades econ\u00f4micas &#8211; que apresentam v\u00ednculos mesmo que incipientes. Geralmente envolvem a participa\u00e7\u00e3o e a intera\u00e7\u00e3o de empresas &#8211; que podem ser desde produtoras de bens e servi\u00e7os finais at\u00e9 fornecedoras de insumos e equipamentos, [&hellip;]<\/p>\n","protected":false},"author":2,"featured_media":0,"parent":0,"menu_order":0,"comment_status":"closed","ping_status":"closed","template":"","meta":{"footnotes":""},"class_list":["post-516","page","type-page","status-publish","hentry"],"_links":{"self":[{"href":"http:\/\/redeaplmineral.org.br\/index.php?rest_route=\/wp\/v2\/pages\/516","targetHints":{"allow":["GET"]}}],"collection":[{"href":"http:\/\/redeaplmineral.org.br\/index.php?rest_route=\/wp\/v2\/pages"}],"about":[{"href":"http:\/\/redeaplmineral.org.br\/index.php?rest_route=\/wp\/v2\/types\/page"}],"author":[{"embeddable":true,"href":"http:\/\/redeaplmineral.org.br\/index.php?rest_route=\/wp\/v2\/users\/2"}],"replies":[{"embeddable":true,"href":"http:\/\/redeaplmineral.org.br\/index.php?rest_route=%2Fwp%2Fv2%2Fcomments&post=516"}],"version-history":[{"count":3,"href":"http:\/\/redeaplmineral.org.br\/index.php?rest_route=\/wp\/v2\/pages\/516\/revisions"}],"predecessor-version":[{"id":3834,"href":"http:\/\/redeaplmineral.org.br\/index.php?rest_route=\/wp\/v2\/pages\/516\/revisions\/3834"}],"wp:attachment":[{"href":"http:\/\/redeaplmineral.org.br\/index.php?rest_route=%2Fwp%2Fv2%2Fmedia&parent=516"}],"curies":[{"name":"wp","href":"https:\/\/api.w.org\/{rel}","templated":true}]}}