{"id":3647,"date":"2020-11-06T11:10:35","date_gmt":"2020-11-06T14:10:35","guid":{"rendered":"http:\/\/redeaplmineral.org.br\/?page_id=3647"},"modified":"2020-11-10T15:31:54","modified_gmt":"2020-11-10T18:31:54","slug":"ct-rede-apl-mineral","status":"publish","type":"page","link":"http:\/\/redeaplmineral.org.br\/?page_id=3647","title":{"rendered":"CT Rede APL mineral"},"content":{"rendered":"\n<p>O CT Rede<em>APL<\/em>mineral \u00e9 uma inst\u00e2ncia cooperativa, de abrang\u00eancia nacional, sem fins lucrativos, vinculada ao GTP APL\/ME, constitu\u00edda de agentes pol\u00edticos, sociais e econ\u00f4micos, p\u00fablicos e privados, que tem como objetivo coordenar e integrar as pol\u00edticas p\u00fablicas, planos, programas, a\u00e7\u00f5es, informa\u00e7\u00f5es e iniciativas desses agentes com o fim de contribuir para o desenvolvimento sustent\u00e1vel dos segmentos de minerais industriais priorizados (agregados para constru\u00e7\u00e3o civil; cal, calc\u00e1rio e cimento; cer\u00e2mica de revestimento; cer\u00e2mica vermelha; gesso; minerais e rochas de pegmatitos; rochas ornamentais; e, sal marinho), de \u00e1gua mineral, de gemas e de metais preciosos, organizados em Arranjos Produtivos Locais (APL) de base mineral, fundamentado em planejamento de longo prazo por processo prospectivo em base participativa e territorial. Essa inst\u00e2ncia tem sua estrutura de gest\u00e3o e governan\u00e7a esquematicamente mostrada na Figura 1. O CT RedeAPLmineral \u00e9 constitu\u00eddo de institui\u00e7\u00f5es e entidades dos Governos (Federal, Estadual e Municipal), Empresas, Academia, Sistema S, Institui\u00e7\u00f5es Financeiras e Ag\u00eancias de Desenvolvimento que atuam no desenvolvimento sustent\u00e1vel dos APL de base mineral; da <strong>Coordena\u00e7\u00e3o<\/strong>, constitu\u00edda por institui\u00e7\u00f5es participantes do GTP APL\/ME e institui\u00e7\u00f5es que trabalhem em prol do desenvolvimento dos APL de base mineral, coordenado pelo MCTIC em parceria com o GTP APL\/ME; e a <strong>Secretaria Executiva<\/strong> da Coordena\u00e7\u00e3o, exercida pelo Instituto Brasileiro de Informa\u00e7\u00e3o e m Ci\u00eancia e Tecnologia &#8211; IBICT. O <strong>Portal Rede<em>APL<\/em>mineral,<\/strong> em integra\u00e7\u00e3o com o <strong>Observat\u00f3rio Brasileiro de APL e o Vis\u00e3o<\/strong>, constituem o sistema de gest\u00e3o de informa\u00e7\u00e3o e conhecimento para o desenvolvimento sustent\u00e1vel dos APL de base mineral.<\/p>\n\n\n\n<figure class=\"wp-block-image size-large\"><img loading=\"lazy\" decoding=\"async\" width=\"1009\" height=\"669\" src=\"http:\/\/redeaplmineral.org.br\/wp-content\/uploads\/2020\/11\/FIGURA-1-ESTRUTURA-CTREDEAPLMINERAL.png\" alt=\"\" class=\"wp-image-3677\" srcset=\"http:\/\/redeaplmineral.org.br\/wp-content\/uploads\/2020\/11\/FIGURA-1-ESTRUTURA-CTREDEAPLMINERAL.png 1009w, http:\/\/redeaplmineral.org.br\/wp-content\/uploads\/2020\/11\/FIGURA-1-ESTRUTURA-CTREDEAPLMINERAL-300x199.png 300w, http:\/\/redeaplmineral.org.br\/wp-content\/uploads\/2020\/11\/FIGURA-1-ESTRUTURA-CTREDEAPLMINERAL-768x509.png 768w\" sizes=\"auto, (max-width: 1009px) 100vw, 1009px\" \/><figcaption>Figura 1 &#8211; Estrutura de gest\u00e3o e governan\u00e7a do CT RedeAPLmineral<\/figcaption><\/figure>\n\n\n\n<p><strong>Principais objetivos do CT Rede<em>APL<\/em>mineral:<\/strong><\/p>\n\n\n\n<ul class=\"wp-block-list\"><li>planejar a longo prazo por processo prospectivo em base participativa e territorial, estruturar, integrar, coordenar, acompanhar, avaliar e propor pol\u00edticas p\u00fablicas, planos, programas, a\u00e7\u00f5es e iniciativas dos agentes pol\u00edticos, sociais e econ\u00f4micos com o objetivo de contribuir para o desenvolvimento sustent\u00e1vel dos segmentos de minerais industriais priorizados, \u00e1gua mineral, gemas e metais preciosos no Brasil e de todas as empresas pertencentes \u00e0s suas cadeias produtivas, organizados em APL de Base Mineral, no \u00e2mbito do GTP APL;<\/li><li>promover a sistematiza\u00e7\u00e3o, disponibiliza\u00e7\u00e3o e dissemina\u00e7\u00e3o de informa\u00e7\u00f5es e das diversas formas de conhecimento vinculadas \u00e0s cadeias produtivas de segmentos minerais industriais priorizados, \u00e1gua mineral, gemas e metais preciosos e organizadas em APL de Base Mineral;<\/li><li>difundir e popularizar as boas pr\u00e1ticas em APL de Base Mineral;<\/li><li>fornecer informa\u00e7\u00e3o para subsidiar a elabora\u00e7\u00e3o de pol\u00edticas p\u00fablicas, planos, programas, a\u00e7\u00f5es e iniciativas para a estrutura\u00e7\u00e3o e o desenvolvimento sustent\u00e1vel do segmentos de minerais industriais priorizados, \u00e1gua mineral, gemas e metais preciosos no Brasil e de todas as empresas pertencentes \u00e0s suas cadeias produtivas, organizados em APL de Base Mineral dos APL de Base Mineral;<\/li><li>Identificar e definir fontes, mecanismos e instrumentos de financiamento dedicados aos programas e a\u00e7\u00f5es para estrutura\u00e7\u00e3o e desenvolvimento sustent\u00e1vel dos APL de base mineral no Pa\u00eds; e,<\/li><li>Manter sistema de gest\u00e3o da informa\u00e7\u00e3o e de conhecimento dos APL de Base Mineral (Portal Rede<em>APL<\/em>mineral e OBAPL).<\/li><\/ul>\n\n\n\n<p><strong>P\u00fablico Alvo do CT Rede<em>APL<\/em>mineral<\/strong>:<\/p>\n\n\n\n<p>Agentes relacionados \u00e0s aglomera\u00e7\u00f5es produtivas e arranjos produtivos locais (APL) de base mineral, p\u00fablicos ou privados, como associa\u00e7\u00f5es e cooperativas de produtores, associa\u00e7\u00f5es de classe, federa\u00e7\u00f5es e confedera\u00e7\u00f5es empresariais, sindicatos de trabalhadores e patronais, universidades e centros de pesquisa cient\u00edfica, tecnol\u00f3gica e de inova\u00e7\u00e3o, ag\u00eancias de fomento e desenvolvimento, institui\u00e7\u00f5es de cr\u00e9dito, organiza\u00e7\u00f5es do terceiro setor e lideran\u00e7as e coordenadores envolvidos com o desenvolvimento sustent\u00e1vel dos segmentos de minerais industriais priorizados, \u00e1gua mineral, gemas e metais preciosos, organizados em APL de base mineral.<\/p>\n\n\n\n<p><strong>Diretrizes do CT Rede<em>APL<\/em>mineral:<\/strong><\/p>\n\n\n\n<p>As principais diretrizes do CT Rede<em>APL<\/em>mineral de atua\u00e7\u00e3o para alcan\u00e7ar seus objetivos s\u00e3o descritas resumidamente a seguir:<\/p>\n\n\n\n<ul class=\"wp-block-list\"><li>Incentivar processos coletivos e sin\u00e9rgicos para amplia\u00e7\u00e3o de capacidades produtivas e inovativas \u2013 Gest\u00e3o e Governan\u00e7a.<\/li><li>Estabelecer parcerias e promover a realiza\u00e7\u00e3o do Planejamento de longo prazo por processo prospectivo, em base participativa e territorial, para o desenvolvimento sustent\u00e1vel dos APL de base mineral.<\/li><li>Apoiar a forma\u00e7\u00e3o, capacita\u00e7\u00e3o e certifica\u00e7\u00e3o de Pessoas.<\/li><li>Elevar a capacita\u00e7\u00e3o gerencial, tecnol\u00f3gica e inovativa empresarial.<\/li><li>Promover a formaliza\u00e7\u00e3o da minera\u00e7\u00e3o e da transforma\u00e7\u00e3o mineral.<\/li><li>Promover a organiza\u00e7\u00e3o da produ\u00e7\u00e3o mineral (cooperativismo e associativismo).<\/li><li>Promover e fomentar a assist\u00eancia e o extensionismo tecnol\u00f3gico e mineral.<\/li><li>Promover a amplia\u00e7\u00e3o e continuidade de investimentos em PD&amp;I para o adensamento tecnol\u00f3gico, o encadeamento produtivo e a agrega\u00e7\u00e3o de valor com competitividade nos segmentos de minerais industriais priorizados, \u00e1gua mineral, de gemas e metais preciosos no Pa\u00eds.<\/li><li>Apoiar a gera\u00e7\u00e3o, aquisi\u00e7\u00e3o e difus\u00e3o de informa\u00e7\u00f5es, conhecimentos e inova\u00e7\u00e3o.<\/li><li>Promover a produ\u00e7\u00e3o e transforma\u00e7\u00e3o mineral sustent\u00e1vel, com a inclus\u00e3o produtiva, a redu\u00e7\u00e3o de desigualdades e o desenvolvimento local e regional.<\/li><\/ul>\n","protected":false},"excerpt":{"rendered":"<p>O CT RedeAPLmineral \u00e9 uma inst\u00e2ncia cooperativa, de abrang\u00eancia nacional, sem fins lucrativos, vinculada ao GTP APL\/ME, constitu\u00edda de agentes pol\u00edticos, sociais e econ\u00f4micos, p\u00fablicos e privados, que tem como objetivo coordenar e integrar as pol\u00edticas p\u00fablicas, planos, programas, a\u00e7\u00f5es, informa\u00e7\u00f5es e iniciativas desses agentes com o fim de contribuir para o desenvolvimento sustent\u00e1vel dos [&hellip;]<\/p>\n","protected":false},"author":2,"featured_media":0,"parent":0,"menu_order":0,"comment_status":"closed","ping_status":"closed","template":"","meta":{"footnotes":""},"class_list":["post-3647","page","type-page","status-publish","hentry"],"_links":{"self":[{"href":"http:\/\/redeaplmineral.org.br\/index.php?rest_route=\/wp\/v2\/pages\/3647","targetHints":{"allow":["GET"]}}],"collection":[{"href":"http:\/\/redeaplmineral.org.br\/index.php?rest_route=\/wp\/v2\/pages"}],"about":[{"href":"http:\/\/redeaplmineral.org.br\/index.php?rest_route=\/wp\/v2\/types\/page"}],"author":[{"embeddable":true,"href":"http:\/\/redeaplmineral.org.br\/index.php?rest_route=\/wp\/v2\/users\/2"}],"replies":[{"embeddable":true,"href":"http:\/\/redeaplmineral.org.br\/index.php?rest_route=%2Fwp%2Fv2%2Fcomments&post=3647"}],"version-history":[{"count":3,"href":"http:\/\/redeaplmineral.org.br\/index.php?rest_route=\/wp\/v2\/pages\/3647\/revisions"}],"predecessor-version":[{"id":3799,"href":"http:\/\/redeaplmineral.org.br\/index.php?rest_route=\/wp\/v2\/pages\/3647\/revisions\/3799"}],"wp:attachment":[{"href":"http:\/\/redeaplmineral.org.br\/index.php?rest_route=%2Fwp%2Fv2%2Fmedia&parent=3647"}],"curies":[{"name":"wp","href":"https:\/\/api.w.org\/{rel}","templated":true}]}}