{"id":3569,"date":"2020-10-21T13:33:04","date_gmt":"2020-10-21T16:33:04","guid":{"rendered":"http:\/\/redeaplmineral.org.br\/?page_id=3569"},"modified":"2021-10-05T15:09:32","modified_gmt":"2021-10-05T18:09:32","slug":"introducao-a-premios","status":"publish","type":"page","link":"http:\/\/redeaplmineral.org.br\/?page_id=3569","title":{"rendered":"Introdu\u00e7\u00e3o a pr\u00eamios"},"content":{"rendered":"\n<h2 class=\"wp-block-heading\"><a href=\"#\">Pr\u00eamio Melhores Pr\u00e1ticas<\/a><\/h2>\n\n\n\n<p>O&nbsp;<em>Pr\u00eamio Melhores Pr\u00e1ticas<\/em>&nbsp;\u00e9 uma iniciativa da Rede<em>APL<\/em>mineral, que visa reconhecer as pr\u00e1ticas in\u00e9ditas realizadas no \u00e2mbito da cadeia produtiva do setor mineral. Podem participar do concurso atores da minera\u00e7\u00e3o de pequeno e m\u00e9dio porte, sob a forma de APLs que tiveram \u00eaxito na realiza\u00e7\u00e3o de m\u00e9todos e t\u00e9cnicas que envolvam procedimentos gerenciais e tecnol\u00f3gicos. Os resultados de tais t\u00e9cnicas devem apresentar ganhos ambientais, financeiros e de mercado ou contribui\u00e7\u00f5es para sustentabilidade de seus neg\u00f3cios.<\/p>\n\n\n\n<figure class=\"wp-block-image size-large\"><a href=\"https:\/\/cristalina2040.files.wordpress.com\/2020\/11\/apresentacao-pmp-apl-mineral-2020-2021.pdf\"><img loading=\"lazy\" decoding=\"async\" width=\"460\" height=\"543\" src=\"http:\/\/redeaplmineral.org.br\/wp-content\/uploads\/2020\/11\/PMP-20-21.png\" alt=\"\" class=\"wp-image-3688\" srcset=\"http:\/\/redeaplmineral.org.br\/wp-content\/uploads\/2020\/11\/PMP-20-21.png 460w, http:\/\/redeaplmineral.org.br\/wp-content\/uploads\/2020\/11\/PMP-20-21-254x300.png 254w\" sizes=\"auto, (max-width: 460px) 100vw, 460px\" \/><\/a><\/figure>\n\n\n\n<div class=\"wp-block-file\"><a href=\"http:\/\/redeaplmineral.org.br\/wp-content\/uploads\/2021\/10\/Regulamento-do-PMP-APL-Mineral-2020-2021-v20.07-1.doc\">Regulamento do PMP APL Mineral 2020-2021 v20.07 (1)<\/a><a href=\"http:\/\/redeaplmineral.org.br\/wp-content\/uploads\/2021\/10\/Regulamento-do-PMP-APL-Mineral-2020-2021-v20.07-1.doc\" class=\"wp-block-file__button\" download>Baixar<\/a><\/div>\n\n\n\n<div class=\"wp-block-file\"><a href=\"http:\/\/redeaplmineral.org.br\/wp-content\/uploads\/2021\/10\/Formulario-de-Inscricao-PMP-APL-Mineral-2020-2021v20.07-1.docx\">Formul\u00e1rio de Inscri\u00e7\u00e3o PMP APL Mineral 2020-2021v20.07 (1)<\/a><a href=\"http:\/\/redeaplmineral.org.br\/wp-content\/uploads\/2021\/10\/Formulario-de-Inscricao-PMP-APL-Mineral-2020-2021v20.07-1.docx\" class=\"wp-block-file__button\" download>Baixar<\/a><\/div>\n\n\n\n<div class=\"wp-block-file\"><a href=\"http:\/\/redeaplmineral.org.br\/wp-content\/uploads\/2021\/10\/Formulario-de-Descricao-de-Proposta-da-Pratica-para-Premio-Melhores-Pratica-2020-2021-v20.07-1.doc\">Formul\u00e1rio de Descri\u00e7\u00e3o de Proposta da Pr\u00e1tica para Pr\u00eamio Melhores Pr\u00e1tica 2020 &#8211; 2021 v20.07 (1)<\/a><a href=\"http:\/\/redeaplmineral.org.br\/wp-content\/uploads\/2021\/10\/Formulario-de-Descricao-de-Proposta-da-Pratica-para-Premio-Melhores-Pratica-2020-2021-v20.07-1.doc\" class=\"wp-block-file__button\" download>Baixar<\/a><\/div>\n\n\n\n<div class=\"wp-block-file\"><a href=\"http:\/\/redeaplmineral.org.br\/wp-content\/uploads\/2021\/10\/Apresentacao-PMP-APl-Mineral-2020-2021-1.pptx\">Apresenta\u00e7\u00e3o PMP APl Mineral 2020 &#8211; 2021 (1)<\/a><a href=\"http:\/\/redeaplmineral.org.br\/wp-content\/uploads\/2021\/10\/Apresentacao-PMP-APl-Mineral-2020-2021-1.pptx\" class=\"wp-block-file__button\" download>Baixar<\/a><\/div>\n\n\n\n<div class=\"wp-block-file\"><a href=\"http:\/\/redeaplmineral.org.br\/wp-content\/uploads\/2021\/10\/Modelo-para-elaboracao-de-Poster-PMP-2020-2021-1.ppt\">Modelo para elabora\u00e7\u00e3o de Poster PMP 2020-2021 (1)<\/a><a href=\"http:\/\/redeaplmineral.org.br\/wp-content\/uploads\/2021\/10\/Modelo-para-elaboracao-de-Poster-PMP-2020-2021-1.ppt\" class=\"wp-block-file__button\" download>Baixar<\/a><\/div>\n","protected":false},"excerpt":{"rendered":"<p>Pr\u00eamio Melhores Pr\u00e1ticas O&nbsp;Pr\u00eamio Melhores Pr\u00e1ticas&nbsp;\u00e9 uma iniciativa da RedeAPLmineral, que visa reconhecer as pr\u00e1ticas in\u00e9ditas realizadas no \u00e2mbito da cadeia produtiva do setor mineral. Podem participar do concurso atores da minera\u00e7\u00e3o de pequeno e m\u00e9dio porte, sob a forma de APLs que tiveram \u00eaxito na realiza\u00e7\u00e3o de m\u00e9todos e t\u00e9cnicas que envolvam procedimentos gerenciais [&hellip;]<\/p>\n","protected":false},"author":2,"featured_media":0,"parent":0,"menu_order":0,"comment_status":"closed","ping_status":"closed","template":"","meta":{"footnotes":""},"class_list":["post-3569","page","type-page","status-publish","hentry"],"_links":{"self":[{"href":"http:\/\/redeaplmineral.org.br\/index.php?rest_route=\/wp\/v2\/pages\/3569","targetHints":{"allow":["GET"]}}],"collection":[{"href":"http:\/\/redeaplmineral.org.br\/index.php?rest_route=\/wp\/v2\/pages"}],"about":[{"href":"http:\/\/redeaplmineral.org.br\/index.php?rest_route=\/wp\/v2\/types\/page"}],"author":[{"embeddable":true,"href":"http:\/\/redeaplmineral.org.br\/index.php?rest_route=\/wp\/v2\/users\/2"}],"replies":[{"embeddable":true,"href":"http:\/\/redeaplmineral.org.br\/index.php?rest_route=%2Fwp%2Fv2%2Fcomments&post=3569"}],"version-history":[{"count":4,"href":"http:\/\/redeaplmineral.org.br\/index.php?rest_route=\/wp\/v2\/pages\/3569\/revisions"}],"predecessor-version":[{"id":3832,"href":"http:\/\/redeaplmineral.org.br\/index.php?rest_route=\/wp\/v2\/pages\/3569\/revisions\/3832"}],"wp:attachment":[{"href":"http:\/\/redeaplmineral.org.br\/index.php?rest_route=%2Fwp%2Fv2%2Fmedia&parent=3569"}],"curies":[{"name":"wp","href":"https:\/\/api.w.org\/{rel}","templated":true}]}}