{"id":1181,"date":"2020-10-08T11:53:26","date_gmt":"2020-10-08T14:53:26","guid":{"rendered":"http:\/\/redeaplmineral.org.br\/?page_id=1181"},"modified":"2020-10-08T11:53:26","modified_gmt":"2020-10-08T14:53:26","slug":"referencias","status":"publish","type":"page","link":"http:\/\/redeaplmineral.org.br\/?page_id=1181","title":{"rendered":"Refer\u00eancias"},"content":{"rendered":"\n<p>AULICINO, A. L., &nbsp;COSTA J. A. V., MENDES E. S.,&nbsp; GUERRA E. A. Metodologia de processos prospectivos aplicada ao planejamento estrat\u00e9gico para desenvolvimento&nbsp; sustent\u00e1vel de APLS de base mineral: experi\u00eancia do arranjo produtivo de cer\u00e2mica vermelha do norte goiano. Boletim Regional, Urbano e Ambiental | 10 | jul. \u2013 dez. 2014 IPEA<\/p>\n\n\n\n<p>AULICINO, A. L. Foresight para Pol\u00edticas de CT&amp;I com desenvolvimento sustent\u00e1vel:<\/p>\n\n\n\n<p>estudo de caso Brasil (Tese de doutorado). S\u00e3o Paulo: FEA-USP, 2006.<\/p>\n\n\n\n<p>___________. Processo prospectivo e constru\u00e7\u00e3o de cen\u00e1rios. Outubro\/2012. Dispon\u00edvel em:<\/p>\n\n\n\n<p>&lt;<a href=\"http:\/\/www.idsust.com.br\/imagem2.php&amp;gt\">http:\/\/www.idsust.com.br\/imagem2.php&amp;gt<\/a>;. Acesso em: 02 out. 2014.<\/p>\n\n\n\n<p>___________. Tese de Doutorado:&nbsp;<em>Foresight<\/em>&nbsp;para Pol\u00edticas de CT&amp;I com Desenvolvimento Sustent\u00e1vel: Estudo de Caso Brasil. S\u00e3o Paulo. FEA-USP, 2006.<\/p>\n\n\n\n<p>CHARREAUX, G. Le gouvernement des entreprises. Paris: Economica, 1997.<\/p>\n\n\n\n<p>BERGER G., , \u00abL\u2019attitude prospective\u00bb, L\u2019Encyclop\u00e9die fran\u00e7aise, tome XX, Soci\u00e9t\u00e9 nouvelle de L\u2019Encyclop\u00e9die fran\u00e7aise 1959.<\/p>\n\n\n\n<p>__________, Etapes de la prospective, PUF, 1967.<\/p>\n\n\n\n<p>GODET M., \u201cImpacte crois\u00e9s : exemples d\u2019applications\u201d, Futuribles, n\u00b0 71, novembre 1983.<\/p>\n\n\n\n<p>_________, \u00ab&nbsp;Sc\u00e9narios and strategic management&nbsp;\u00bb, Butterworth, 1987. traduction de Prospective et planification strat\u00e9gique, Economica 1985.<\/p>\n\n\n\n<p>_________, \u00abManuel de prospective strat\u00e9gique, tome 2: l\u2019art et la m\u00e9thode&nbsp;\u00bb, Dunod, Paris, 2001.<\/p>\n\n\n\n<p>MCT \u2013 Minist\u00e9rio da Ci\u00eancia e Tecnologia \u2013 ESTUDO PROSPECTAR. Um Exerc\u00edcio de Prospec\u00e7\u00e3o Tecnol\u00f3gica Nacional. Bras\u00edlia.&nbsp;<a href=\"http:\/\/www.mct.gov.br\/cct\/prospectar\/Relatorio_3\/sumario.htm\">http:\/\/www.mct.gov.br\/cct\/prospectar\/Relatorio_3\/sumario.htm<\/a>, junho 2003.<\/p>\n","protected":false},"excerpt":{"rendered":"<p>AULICINO, A. L., &nbsp;COSTA J. A. V., MENDES E. S.,&nbsp; GUERRA E. A. Metodologia de processos prospectivos aplicada ao planejamento estrat\u00e9gico para desenvolvimento&nbsp; sustent\u00e1vel de APLS de base mineral: experi\u00eancia do arranjo produtivo de cer\u00e2mica vermelha do norte goiano. Boletim Regional, Urbano e Ambiental | 10 | jul. \u2013 dez. 2014 IPEA AULICINO, A. L. [&hellip;]<\/p>\n","protected":false},"author":2,"featured_media":0,"parent":0,"menu_order":0,"comment_status":"closed","ping_status":"closed","template":"","meta":{"footnotes":""},"class_list":["post-1181","page","type-page","status-publish","hentry"],"_links":{"self":[{"href":"http:\/\/redeaplmineral.org.br\/index.php?rest_route=\/wp\/v2\/pages\/1181","targetHints":{"allow":["GET"]}}],"collection":[{"href":"http:\/\/redeaplmineral.org.br\/index.php?rest_route=\/wp\/v2\/pages"}],"about":[{"href":"http:\/\/redeaplmineral.org.br\/index.php?rest_route=\/wp\/v2\/types\/page"}],"author":[{"embeddable":true,"href":"http:\/\/redeaplmineral.org.br\/index.php?rest_route=\/wp\/v2\/users\/2"}],"replies":[{"embeddable":true,"href":"http:\/\/redeaplmineral.org.br\/index.php?rest_route=%2Fwp%2Fv2%2Fcomments&post=1181"}],"version-history":[{"count":1,"href":"http:\/\/redeaplmineral.org.br\/index.php?rest_route=\/wp\/v2\/pages\/1181\/revisions"}],"predecessor-version":[{"id":1182,"href":"http:\/\/redeaplmineral.org.br\/index.php?rest_route=\/wp\/v2\/pages\/1181\/revisions\/1182"}],"wp:attachment":[{"href":"http:\/\/redeaplmineral.org.br\/index.php?rest_route=%2Fwp%2Fv2%2Fmedia&parent=1181"}],"curies":[{"name":"wp","href":"https:\/\/api.w.org\/{rel}","templated":true}]}}