{"id":1179,"date":"2020-10-08T11:53:04","date_gmt":"2020-10-08T14:53:04","guid":{"rendered":"http:\/\/redeaplmineral.org.br\/?page_id=1179"},"modified":"2020-10-08T11:53:05","modified_gmt":"2020-10-08T14:53:05","slug":"documentos-uteis","status":"publish","type":"page","link":"http:\/\/redeaplmineral.org.br\/?page_id=1179","title":{"rendered":"Documentos \u00fateis"},"content":{"rendered":"\n<h3 class=\"wp-block-heading\"><strong>Relat\u00f3rios de acompanhamento do Projeto<\/strong><\/h3>\n\n\n\n<figure class=\"wp-block-table\"><table><tbody><tr><td><strong>Documento<\/strong><\/td><td><strong>Data<\/strong><\/td><\/tr><tr><td><a href=\"https:\/\/cristalina2040.files.wordpress.com\/2020\/08\/2-2-rel_arranjoprodutivo_gemas_joais_art_criatalina_def_probl_rev_v3.pdf\" target=\"_blank\" rel=\"noreferrer noopener\">Registro da Oficina Realizada para definir o Problema, o Objetivo, Horizonte e Slogan do Arranjo Produtivo de Gemas, Joias, Artesanato e Turismo de Cristalina \u2013 GO<\/a><br>Prof. Dr. Ant\u00f4nio Lu\u00eds Aulicino, do NAP-PLP, da FEA-USP, e do IDS<\/td><td>19 de fevereiro de 2019<\/td><\/tr><tr><td><a href=\"https:\/\/cristalina2040.files.wordpress.com\/2020\/08\/3-1-r_curso_prosp_26e27mar2019_1.pdf\" target=\"_blank\" rel=\"noreferrer noopener\">Relat\u00f3rio do Curso Forma\u00e7\u00e3o-A\u00e7\u00e3o e Reflex\u00e3o Coletiva Processo Prospectivo \u2013 Constru\u00e7\u00e3o de Cen\u00e1rios, tema \u2013<br>\u201cDesenvolvimento de CRISTALINA 2040\u201d<\/a><br>Prof. Dr. Ant\u00f4nio Lu\u00eds Aulicino, do NAP-PLP, da FEA-USP, e do IDS<\/td><td>26 e 27 de mar\u00e7o de 2019<\/td><\/tr><tr><td><a href=\"https:\/\/cristalina2040.files.wordpress.com\/2020\/08\/4-07-anal_estrutural_atores_cristalina_2040-1.pdf\">Processo Prospectivo do Arranjo Produtivo de Gemas, Joias, Artesanato Mineral e Turismo de Cristalina \u2013 GO, An\u00e1lise Estrutural dos Atores \u2013 Relat\u00f3rio Final<br>Oficina: Das Vari\u00e1veis-chave identificadas ao Jogo dos Atores Processo Prospectivo \u2013 \u201cCRISTALINA 2040 \u201d<\/a><br>Prof. Dr. Ant\u00f4nio Lu\u00eds Aulicino, do NAP-PLP, da FEA-USP, e<br>do IDS<\/td><td>15 de junho de 2019<\/td><\/tr><tr><td><a href=\"https:\/\/cristalina2040.files.wordpress.com\/2020\/08\/9-relatorio-aulicino_ibtic_projeto-cristalina-2040.pdf\">Relat\u00f3rio&nbsp;<\/a><a href=\"https:\/\/cristalina2040.files.wordpress.com\/2020\/08\/9-relatorio-aulicino_ibtic_projeto-cristalina-2040.pdf\" target=\"_blank\" rel=\"noreferrer noopener\">Parcial do&nbsp;<\/a><a href=\"https:\/\/cristalina2040.files.wordpress.com\/2020\/08\/9-relatorio-aulicino_ibtic_projeto-cristalina-2040.pdf\">Projeto<\/a><br>Prof. Dr. Ant\u00f4nio Lu\u00eds Aulicino, do NAP-PLP, da FEA-USP, e do IDS<\/td><td>10 de dezembro de 2019<\/td><\/tr><\/tbody><\/table><\/figure>\n","protected":false},"excerpt":{"rendered":"<p>Relat\u00f3rios de acompanhamento do Projeto Documento Data Registro da Oficina Realizada para definir o Problema, o Objetivo, Horizonte e Slogan do Arranjo Produtivo de Gemas, Joias, Artesanato e Turismo de Cristalina \u2013 GOProf. Dr. Ant\u00f4nio Lu\u00eds Aulicino, do NAP-PLP, da FEA-USP, e do IDS 19 de fevereiro de 2019 Relat\u00f3rio do Curso Forma\u00e7\u00e3o-A\u00e7\u00e3o e Reflex\u00e3o [&hellip;]<\/p>\n","protected":false},"author":2,"featured_media":0,"parent":0,"menu_order":0,"comment_status":"closed","ping_status":"closed","template":"","meta":{"footnotes":""},"class_list":["post-1179","page","type-page","status-publish","hentry"],"_links":{"self":[{"href":"http:\/\/redeaplmineral.org.br\/index.php?rest_route=\/wp\/v2\/pages\/1179","targetHints":{"allow":["GET"]}}],"collection":[{"href":"http:\/\/redeaplmineral.org.br\/index.php?rest_route=\/wp\/v2\/pages"}],"about":[{"href":"http:\/\/redeaplmineral.org.br\/index.php?rest_route=\/wp\/v2\/types\/page"}],"author":[{"embeddable":true,"href":"http:\/\/redeaplmineral.org.br\/index.php?rest_route=\/wp\/v2\/users\/2"}],"replies":[{"embeddable":true,"href":"http:\/\/redeaplmineral.org.br\/index.php?rest_route=%2Fwp%2Fv2%2Fcomments&post=1179"}],"version-history":[{"count":1,"href":"http:\/\/redeaplmineral.org.br\/index.php?rest_route=\/wp\/v2\/pages\/1179\/revisions"}],"predecessor-version":[{"id":1180,"href":"http:\/\/redeaplmineral.org.br\/index.php?rest_route=\/wp\/v2\/pages\/1179\/revisions\/1180"}],"wp:attachment":[{"href":"http:\/\/redeaplmineral.org.br\/index.php?rest_route=%2Fwp%2Fv2%2Fmedia&parent=1179"}],"curies":[{"name":"wp","href":"https:\/\/api.w.org\/{rel}","templated":true}]}}