{"id":1163,"date":"2020-10-08T11:41:23","date_gmt":"2020-10-08T14:41:23","guid":{"rendered":"http:\/\/redeaplmineral.org.br\/?page_id=1163"},"modified":"2020-10-08T11:41:23","modified_gmt":"2020-10-08T14:41:23","slug":"justificativa","status":"publish","type":"page","link":"http:\/\/redeaplmineral.org.br\/?page_id=1163","title":{"rendered":"Justificativa"},"content":{"rendered":"\n<p><strong>Introdu\u00e7\u00e3o<\/strong><\/p>\n\n\n\n<p>A partir de um levantamento junto ao Arranjo Produtivo de Gemas, Joias e Artesanato Mineral de Cristalina no Munic\u00edpio de Cristalina GO, em 2018, constatou-se o interesse de \u00f3rg\u00e3os governamentais e entidades representativas do setor, em participar da elabora\u00e7\u00e3o de um planejamento, dessa forma idealizou- se uma proposta de projeto capaz de aproveitar os trabalhos j\u00e1 realizados pelo APL e agentes locais, a fim de desenvolver uma intelig\u00eancia desse contexto, reconstruir a arquitetura das pol\u00edticas p\u00fablicas e propiciar a coer\u00eancia e efetividade da a\u00e7\u00e3o p\u00fablica, no munic\u00edpio de Cristalina-GO.<\/p>\n\n\n\n<p>Dessa forma, recomendou-se uma abordagem do Processo Prospectivo Territorial para a elabora\u00e7\u00e3o do Planejamento de Longo Prazo na perspectiva de Desenvolvimento Sustent\u00e1vel do Arranjo Produtivo de Gemas, Joias e Artesanato Mineral de Cristalina GO.<\/p>\n\n\n\n<p>O referido Processo Prospectivo proporciona ao arranjo produtivo em tela a antecipa\u00e7\u00e3o para orienta\u00e7\u00e3o das a\u00e7\u00f5es com apropria\u00e7\u00e3o e predisposi\u00e7\u00e3o para fazer transforma\u00e7\u00f5es, preparar as pessoas e adaptar os recursos para enfrentar poss\u00edveis adversidades ou tirar proveito de oportunidades. Pretende-se, portanto, que o arranjo produtivo compartilhe o Processo Prospectivo com as pessoas que nele habitam e trabalham, tendo tempo suficiente para formular melhor as estrat\u00e9gias e escolher as melhores a\u00e7\u00f5es sobre as pr\u00e1ticas, em conjunto, com a sociedade, visando a apropria\u00e7\u00e3o do projeto de planejamento, e evitar a interrup\u00e7\u00e3o da execu\u00e7\u00e3o das a\u00e7\u00f5es no per\u00edodo proposto.<\/p>\n\n\n\n<p><strong>Antecedentes<\/strong><\/p>\n\n\n\n<p>A Secretaria de Desenvolvimento Tecnol\u00f3gico e Inova\u00e7\u00e3o (SETEC) at\u00e9 o ano de 2018 e atualmente a Secretaria de Empreendedorismo e Inova\u00e7\u00e3o (SEMPI) do Minist\u00e9rio da Ci\u00eancia, Tecnologia, Inova\u00e7\u00f5es e Comunica\u00e7\u00f5es (MCTIC), em parceria com SGM\/MME, GTP APL\/MDIC, CETEM, IBICT e BNB,<\/p>\n\n\n\n<p>promoveram, por meio de a\u00e7\u00f5es integradas de coopera\u00e7\u00e3o, pol\u00edticas de apoio \u00e0 estrutura\u00e7\u00e3o e desenvolvimento das atividades de minera\u00e7\u00e3o em pequena e m\u00e9dia escala, organizadas em APL de base mineral. No campo da Pol\u00edtica Nacional de Apoio aos Arranjos Produtivos Locais (APL), o Grupo de Trabalho Permanente para APL (GTP APL), do Minist\u00e9rio do Desenvolvimento, Ind\u00fastria e Com\u00e9rcio Exterior (MDIC), atualmente Minist\u00e9rio da Economia, coordena um trabalho de apoio ao desenvolvimento desses arranjos, em todo o territ\u00f3rio e de forma abrangente a todos os setores produtivos.<\/p>\n\n\n\n<p>No setor mineral, foi constitu\u00eddo, em 2018, no \u00e2mbito do GTP APL, sob a coordena\u00e7\u00e3o conjunta do MDIC e do MCTIC, em parceria com, o Centro de Tecnologia Mineral (CETEM), Instituto Brasileiro de Informa\u00e7\u00e3o em Ci\u00eancia e Tecnologia (IBICT) e Banco do Nordeste do Brasil (BNB), o Comit\u00ea Tem\u00e1tico Rede Brasileira de APL de Base Mineral (CT RedeAPLmineral).<\/p>\n\n\n\n<p>O CT RedeAPLmineral tem por objetivo planejar, estruturar e integrar as a\u00e7\u00f5es das diversas institui\u00e7\u00f5es que apoiam o desenvolvimento da cadeia produtiva dos seguintes segmentos do setor mineral, organizados em APL:<\/p>\n\n\n\n<ul class=\"wp-block-list\"><li>agregados minerais para a constru\u00e7\u00e3o civil; agrominerais; \u00e1gua mineral; calc\u00e1rio e cal; cer\u00e2mica de revestimento; cer\u00e2mica vermelha; gemas, joias, metais preciosos e afins; gesso; rochas e minerais em pegmatitos; sal marinho; e, rochas ornamentais.<\/li><\/ul>\n\n\n\n<p>Nesse sentido, a articula\u00e7\u00e3o de parcerias com a Associa\u00e7\u00e3o dos Artes\u00e3os de Cristalina\/GO \u2013 AAC e o Instituto Brasileiro de Informa\u00e7\u00e3o em Ci\u00eancia e Tecnologia (IBICT\/MCTIC) para a realiza\u00e7\u00e3o do Processo Prospectivo para a Constru\u00e7\u00e3o de Cen\u00e1rios do Futuro para o Arranjo Produtivo de Gemas, Joias e Artesanato Mineral de Cristalina \u2013 GO, como modelo de planejamento estrat\u00e9gico replic\u00e1vel, em prol do desenvolvimento da cadeia produtiva desse setor, configurando-se como uma oportunidade do MCTIC concretizar uma a\u00e7\u00e3o integrada de apoio \u00e0 estrutura\u00e7\u00e3o e consolida\u00e7\u00e3o de APL de base mineral, cuja elabora\u00e7\u00e3o e coordena\u00e7\u00e3o dos trabalhos para o Processo Prospectivo est\u00e1 aos cuidados do Professor Dr. Ant\u00f4nio Lu\u00eds Aulicino., do N\u00facleo de Apoio \u00e0 Pesquisa de Planejamento de Longo Prazo (NAP PLP \u2013 FEA\/USP)<\/p>\n\n\n\n<p>Segundo o hist\u00f3rico do Munic\u00edpio de Cristalina, a economia se baseou na explora\u00e7\u00e3o de cristais, durante muitos anos, com a produ\u00e7\u00e3o de cristal exportada para v\u00e1rios pa\u00edses da Europa, inclusive utilizadas em joias da nobreza europeia.<\/p>\n\n\n\n<p>A chegada de produtores rurais do sul do pa\u00eds, na d\u00e9cada de 1970, mudou a situa\u00e7\u00e3o econ\u00f4mica do munic\u00edpio. Al\u00e9m da explora\u00e7\u00e3o de cristais, acrescentou- se o plantio de diferentes culturas. Isso ocorreu por causa da altitude do munic\u00edpio, as temperaturas amenas e a qualidade do solo.<\/p>\n\n\n\n<p>O munic\u00edpio \u00e9 beneficiado por mais de 240 nascentes e rios, que possibilitou aos produtores agr\u00edcolas a utilizarem a irriga\u00e7\u00e3o para o cultivo. Dessa forma, h\u00e1 uma distribui\u00e7\u00e3o uniforme e constante da quantidade de \u00e1gua, que possibilita essa atividade mesmo em \u00e9pocas de seca. A Figura 1 mostra a localiza\u00e7\u00e3o do Munic\u00edpio de Cristalina\/GO, territ\u00f3rio no qual se encontra o Arranjo Produtivo de Gemas, Joias e Artesanato Mineral de Cristalina\/GO.<\/p>\n\n\n\n<figure class=\"wp-block-image\"><img decoding=\"async\" src=\"https:\/\/cristalina2040.files.wordpress.com\/2020\/04\/image-1.png?w=385\" alt=\"\" class=\"wp-image-148\"\/><figcaption>Figura 1: Localiza\u00e7\u00e3o do Arranjo Produtivo de Gemas, Joias e Artesanato Mineral de Cristalina no Munic\u00edpio de Cristalina GO, em vermelho<br>Fonte: IBGE (2018) e apresentado por AULICINO, A. L, N\u00facleo de Apoio \u00e0 Pesquisa de Planejamento de Longo Prazo (NAP PLP \u2013 FEA\/USP)<\/figcaption><\/figure>\n\n\n\n<p>A tabela 1, abaixo, mostra a situa\u00e7\u00e3o dos munic\u00edpios vizinhos de Cristalina \u2013 GO, haja vista que o planejamento deve analisar o territ\u00f3rio onde o APL est\u00e1 inserido.<\/p>\n\n\n\n<figure class=\"wp-block-image\"><img decoding=\"async\" src=\"https:\/\/cristalina2040.files.wordpress.com\/2020\/04\/image-2.png?w=790\" alt=\"\" class=\"wp-image-150\"\/><\/figure>\n\n\n\n<figure class=\"wp-block-image\"><img decoding=\"async\" src=\"https:\/\/cristalina2040.files.wordpress.com\/2020\/04\/image-3.png?w=452\" alt=\"\" class=\"wp-image-151\"\/><figcaption>Figura 2: Mapa do Munic\u00edpio Cristalina, seus vizinho e a \u00e1rea de lavra de Cristal de Quartzo<\/figcaption><\/figure>\n\n\n\n<p>Com base no levantamento realizado definiu-se pela abordagem de Planejamento de Longo Prazo por meio do Processo Prospectivo para Constru\u00e7\u00e3o da Vis\u00e3o Estrat\u00e9gica do Futuro do Arranjo Produtivo de Gemas, Joias e Artesanato Mineral de Cristalina-GO.<\/p>\n","protected":false},"excerpt":{"rendered":"<p>Introdu\u00e7\u00e3o A partir de um levantamento junto ao Arranjo Produtivo de Gemas, Joias e Artesanato Mineral de Cristalina no Munic\u00edpio de Cristalina GO, em 2018, constatou-se o interesse de \u00f3rg\u00e3os governamentais e entidades representativas do setor, em participar da elabora\u00e7\u00e3o de um planejamento, dessa forma idealizou- se uma proposta de projeto capaz de aproveitar os [&hellip;]<\/p>\n","protected":false},"author":2,"featured_media":0,"parent":0,"menu_order":0,"comment_status":"closed","ping_status":"closed","template":"","meta":{"footnotes":""},"class_list":["post-1163","page","type-page","status-publish","hentry"],"_links":{"self":[{"href":"http:\/\/redeaplmineral.org.br\/index.php?rest_route=\/wp\/v2\/pages\/1163","targetHints":{"allow":["GET"]}}],"collection":[{"href":"http:\/\/redeaplmineral.org.br\/index.php?rest_route=\/wp\/v2\/pages"}],"about":[{"href":"http:\/\/redeaplmineral.org.br\/index.php?rest_route=\/wp\/v2\/types\/page"}],"author":[{"embeddable":true,"href":"http:\/\/redeaplmineral.org.br\/index.php?rest_route=\/wp\/v2\/users\/2"}],"replies":[{"embeddable":true,"href":"http:\/\/redeaplmineral.org.br\/index.php?rest_route=%2Fwp%2Fv2%2Fcomments&post=1163"}],"version-history":[{"count":1,"href":"http:\/\/redeaplmineral.org.br\/index.php?rest_route=\/wp\/v2\/pages\/1163\/revisions"}],"predecessor-version":[{"id":1164,"href":"http:\/\/redeaplmineral.org.br\/index.php?rest_route=\/wp\/v2\/pages\/1163\/revisions\/1164"}],"wp:attachment":[{"href":"http:\/\/redeaplmineral.org.br\/index.php?rest_route=%2Fwp%2Fv2%2Fmedia&parent=1163"}],"curies":[{"name":"wp","href":"https:\/\/api.w.org\/{rel}","templated":true}]}}